{"id":259,"date":"2021-04-25T13:48:55","date_gmt":"2021-04-25T12:48:55","guid":{"rendered":"https:\/\/www.cell-1.rs\/?post_type=product&#038;p=259"},"modified":"2022-03-05T22:44:04","modified_gmt":"2022-03-05T21:44:04","slug":"cell-1-gel-duo-pack","status":"publish","type":"product","link":"https:\/\/www.cell-1.rs\/index.php\/product\/cell-1-gel-duo-pack\/","title":{"rendered":"CELL-1\u00ae GEL (Duo)"},"content":{"rendered":"<div class=\"field field--name-field-pun-naziv field--type-text field--label-hidden\">\n<div class=\"field__items\">\n<div class=\"field__item even\">Cell-1 krema od pu\u017eeve sluzi 50ml<\/div>\n<\/div>\n<\/div>\n<div class=\"field field--name-field-kratak-opis field--type-text-long field--label-hidden\">\n<div class=\"field__items\">\n<div class=\"field__item even\">Regeneri\u0161u\u0107a nega ko\u017ee sa ekstraktom pu\u017ea<\/div>\n<\/div>\n<\/div>\n<div class=\"field field--name-body field--type-text-with-summary field--label-hidden\">\n<div class=\"field__items\">\n<div class=\"field__item even\">\n<p><strong>Cell-1<\/strong>\u00a0je jedinstveni gel za Va\u0161u negu ko\u017ee. 100% iz \u0160vajcarske. Gel za ko\u017eu sa ekstraktom pu\u017ea regeneri\u0161e ko\u017eu intenzivno. Cell-1 bazira se na efikasnoj formuli koja je razvijena da bi se vidno pobolj\u0161ao izgled ko\u017ee sa o\u017eiljcima, bubuljicama, flekama i tragovima rastezanja ko\u017ee.<\/p>\n<p>Cell-1 neguje zrelu ko\u017eu,<strong>\u00a0ubla\u017eava bore<\/strong>, redukuje ne\u010disto\u0107e u ko\u017ei i spre\u010dava nastajanje novih. Svojim zatezaju\u0107im dejstvom, Cell-1 su\u017eava pore i daje Va\u0161oj ko\u017ei\u00a0<strong>\u010dist, zdrav i ujedna\u010den izgled ko\u017ee.<\/strong><\/p>\n<p>&nbsp;<\/p>\n<p><strong>Ekstrakt pu\u017ea u Cell-1<\/strong><\/p>\n<p>&nbsp;<\/p>\n<p>Tajna Cell-1 jeste u njegovom osnovnom sastojku, ekstraktu pu\u017ea. On je ve\u0107 kod starih Grka i Rimljana bio poznat po svojim lekovitim i umiruju\u0107im svojstvima. Kozmeti\u010dki interes za ekstrakt pu\u017ea izazvan je iskustvom radnika na farmama za uzgoj pu\u017eeva. Ruke radnika bile su posebno meke i posekotine su vrlo brzo zaceljivale, bez stvaranja o\u017eiljaka ili nastajanja infekcija.<\/p>\n<p>Cell-1 ekstrakt pu\u017ea dobija se na prirodan na\u010din iz pu\u017ea Helix Aspersa Muller. Sam pu\u017e koristi ovaj ekstrakt da bi obnovio svoje tkivo i rekonstruisao svoju o\u0161te\u0107enu ku\u0107icu. Na isti na\u010din ekstrakt pu\u017ea deluje i na ljudsku ko\u017eu, tako \u0161to se ko\u017ea intenzivno regeneri\u0161e nastankom proteina u \u0107elijama ko\u017ee.<\/p>\n<p>Kompleksna kombinacija aktivnih sastojaka sluzi pu\u017ea sadr\u017ei alantoin, elastin, kolagen, vitamine, minerale i prirodnu glikolnu kiselinu koja kao piling deluje na stare, o\u0161te\u0107ene \u0107elije ko\u017ee i obnavlja ih prirodno i blago.<\/p>\n<p>&nbsp;<\/p>\n<p><strong>Upotreba Cell-1 kreme za lice<\/strong><\/p>\n<p>&nbsp;<\/p>\n<p><strong>Cell-1\u00a0<\/strong>ne pokazuje ne\u017eeljena dejstva, vrlo se dobro podnosi i namenjen je\u00a0<strong>za lice<\/strong>\u00a0i celo telo. Preporu\u010duje se svakodnevna upotreba ujutro i uve\u010de na prethodno o\u010di\u0161\u0107enoj ko\u017ei, uvek pre nano\u0161enja nekog drugog proizvoda. Vidite i osetite kako se negom pomo\u0107u Cell-1 i o\u0161te\u0107ena i iritirana ko\u017ea smiruje i trajno ja\u010da.<\/p>\n<p>Sa Cell-1 imate izuzetne delotvornosti koji unapre\u0111uje obnavljanje \u0107elija Va\u0161e ko\u017ee i time Va\u0161a ko\u017ea zra\u010di i dobija sve\u017einu. Kroz tu negu vidno se ubla\u017eavaju bore, fleke i problemi na ko\u017ei.<\/p>\n<p>Cell-1 brine se za opu\u0161tanje i prijatnost ko\u017ee, pune elasti\u010dnosti i mladolikog izgleda. Do\u017eivite regeneraciju Va\u0161e ko\u017ee! Cell-1 je idealno re\u0161enje za glatku, lepu i \u010distu ko\u017eu.<\/p>\n<p>Cell-1 vitaliziraju\u0107a i efikasna formula sa ekstraktom pu\u017ea.<\/p>\n<\/div>\n<\/div>\n<\/div>\n","protected":false},"excerpt":{"rendered":"<p>Cell-1 krema od pu\u017eeve sluzi 50ml Regeneri\u0161u\u0107a nega ko\u017ee sa ekstraktom pu\u017ea Cell-1\u00a0je jedinstveni gel za Va\u0161u negu ko\u017ee. 100% iz \u0160vajcarske. Gel za ko\u017eu sa ekstraktom pu\u017ea regeneri\u0161e ko\u017eu intenzivno. Cell-1 bazira se na efikasnoj formuli koja je razvijena da bi se vidno pobolj\u0161ao izgled ko\u017ee sa o\u017eiljcima, bubuljicama, flekama i tragovima rastezanja ko\u017ee. [&hellip;]<\/p>\n","protected":false},"featured_media":348,"template":"","meta":{"spay_email":""},"product_cat":[17],"product_tag":[],"class_list":{"0":"post-259","1":"product","2":"type-product","3":"status-publish","4":"has-post-thumbnail","5":"hentry","6":"product_cat-cell-1","8":"entry","9":"has-media","10":"owp-thumbs-layout-horizontal","11":"owp-btn-normal","12":"owp-tabs-layout-horizontal","13":"has-no-thumbnails","14":"has-product-nav"},"_links":{"self":[{"href":"https:\/\/www.cell-1.rs\/index.php\/wp-json\/wp\/v2\/product\/259","targetHints":{"allow":["GET"]}}],"collection":[{"href":"https:\/\/www.cell-1.rs\/index.php\/wp-json\/wp\/v2\/product"}],"about":[{"href":"https:\/\/www.cell-1.rs\/index.php\/wp-json\/wp\/v2\/types\/product"}],"wp:featuredmedia":[{"embeddable":true,"href":"https:\/\/www.cell-1.rs\/index.php\/wp-json\/wp\/v2\/media\/348"}],"wp:attachment":[{"href":"https:\/\/www.cell-1.rs\/index.php\/wp-json\/wp\/v2\/media?parent=259"}],"wp:term":[{"taxonomy":"product_cat","embeddable":true,"href":"https:\/\/www.cell-1.rs\/index.php\/wp-json\/wp\/v2\/product_cat?post=259"},{"taxonomy":"product_tag","embeddable":true,"href":"https:\/\/www.cell-1.rs\/index.php\/wp-json\/wp\/v2\/product_tag?post=259"}],"curies":[{"name":"wp","href":"https:\/\/api.w.org\/{rel}","templated":true}]}}